{"id":1655,"date":"2022-04-21T22:14:21","date_gmt":"2022-04-21T22:14:21","guid":{"rendered":"http:\/\/3.97.68.15\/?page_id=1655"},"modified":"2022-04-24T13:15:39","modified_gmt":"2022-04-24T13:15:39","slug":"puppies-2","status":"publish","type":"page","link":"https:\/\/m.arcadianewfs.com\/fr\/puppies-2\/","title":{"rendered":"Chiots"},"content":{"rendered":"<p><div class=\"fusion-fullwidth fullwidth-box fusion-builder-row-1 fusion-flex-container nonhundred-percent-fullwidth non-hundred-percent-height-scrolling\" style=\"background-color: rgba(255,255,255,0);background-position: center center;background-repeat: no-repeat;border-width: 0px 0px 0px 0px;border-color:#e2e2e2;border-style:solid;\" ><div class=\"fusion-builder-row fusion-row fusion-flex-align-items-flex-start\" style=\"max-width:104%;margin-left: calc(-4% \/ 2 );margin-right: calc(-4% \/ 2 );\"><div class=\"fusion-layout-column fusion_builder_column fusion-builder-column-0 fusion_builder_column_1_5 1_5 fusion-flex-column\"><div class=\"fusion-column-wrapper fusion-flex-justify-content-flex-start fusion-content-layout-column\" style=\"background-position:left top;background-repeat:no-repeat;-webkit-background-size:cover;-moz-background-size:cover;-o-background-size:cover;background-size:cover;padding: 0px 0px 0px 0px;\"><\/div><style type=\"text\/css\">.fusion-body .fusion-builder-column-0{width:20% !important;margin-top : 0px;margin-bottom : 20px;}.fusion-builder-column-0 > .fusion-column-wrapper {padding-top : 0px !important;padding-right : 0px !important;margin-right : 9.6%;padding-bottom : 0px !important;padding-left : 0px !important;margin-left : 9.6%;}@media only screen and (max-width:1024px) {.fusion-body .fusion-builder-column-0{width:20% !important;order : 0;}.fusion-builder-column-0 > .fusion-column-wrapper {margin-right : 9.6%;margin-left : 9.6%;}}@media only screen and (max-width:640px) {.fusion-body .fusion-builder-column-0{width:100% !important;order : 0;}.fusion-builder-column-0 > .fusion-column-wrapper {margin-right : 1.92%;margin-left : 1.92%;}}<\/style><\/div><div class=\"fusion-layout-column fusion_builder_column fusion-builder-column-1 fusion_builder_column_3_5 3_5 fusion-flex-column\"><div class=\"fusion-column-wrapper fusion-flex-justify-content-flex-start fusion-content-layout-column\" style=\"background-position:left top;background-repeat:no-repeat;-webkit-background-size:cover;-moz-background-size:cover;-o-background-size:cover;background-size:cover;padding: 0px 0px 0px 0px;\"><div class=\"fusion-text fusion-text-1\"><h5 style=\"text-align: center;\">The Newfoundland is an incredible breed ; they are devoted family companions.<\/h5>\n<p style=\"text-align: center;\">You&#8217;ll never find a sweeter and more loving dog but they are not for everyone. They shed, they drool and they are huge ! But in the right home non of this matter.<\/p>\n<h3>&nbsp;<\/h3>\n<\/div><\/div><style type=\"text\/css\">.fusion-body .fusion-builder-column-1{width:60% !important;margin-top : 0px;margin-bottom : 20px;}.fusion-builder-column-1 > .fusion-column-wrapper {padding-top : 0px !important;padding-right : 0px !important;margin-right : 3.2%;padding-bottom : 0px !important;padding-left : 0px !important;margin-left : 3.2%;}@media only screen and (max-width:1024px) {.fusion-body .fusion-builder-column-1{width:60% !important;order : 0;}.fusion-builder-column-1 > .fusion-column-wrapper {margin-right : 3.2%;margin-left : 3.2%;}}@media only screen and (max-width:640px) {.fusion-body .fusion-builder-column-1{width:100% !important;order : 0;}.fusion-builder-column-1 > .fusion-column-wrapper {margin-right : 1.92%;margin-left : 1.92%;}}<\/style><\/div><div class=\"fusion-layout-column fusion_builder_column fusion-builder-column-2 fusion_builder_column_1_5 1_5 fusion-flex-column\"><div class=\"fusion-column-wrapper fusion-flex-justify-content-flex-start fusion-content-layout-column\" style=\"background-position:left top;background-repeat:no-repeat;-webkit-background-size:cover;-moz-background-size:cover;-o-background-size:cover;background-size:cover;padding: 0px 0px 0px 0px;\"><\/div><style type=\"text\/css\">.fusion-body .fusion-builder-column-2{width:20% !important;margin-top : 0px;margin-bottom : 20px;}.fusion-builder-column-2 > .fusion-column-wrapper {padding-top : 0px !important;padding-right : 0px !important;margin-right : 9.6%;padding-bottom : 0px !important;padding-left : 0px !important;margin-left : 9.6%;}@media only screen and (max-width:1024px) {.fusion-body .fusion-builder-column-2{width:20% !important;order : 0;}.fusion-builder-column-2 > .fusion-column-wrapper {margin-right : 9.6%;margin-left : 9.6%;}}@media only screen and (max-width:640px) {.fusion-body .fusion-builder-column-2{width:100% !important;order : 0;}.fusion-builder-column-2 > .fusion-column-wrapper {margin-right : 1.92%;margin-left : 1.92%;}}<\/style><\/div><div class=\"fusion-layout-column fusion_builder_column fusion-builder-column-3 fusion_builder_column_1_1 1_1 fusion-flex-column fusion-column-inner-bg-wrapper\"><div class=\"fusion-column-wrapper fusion-flex-justify-content-flex-start fusion-content-layout-column\" style=\"padding: 0px 0px 0px 0px;\"><div class=\"fusion-image-carousel fusion-image-carousel-auto fusion-image-carousel-1 lightbox-enabled fusion-carousel-border\"><div class=\"fusion-carousel\" data-autoplay=\"no\" data-columns=\"3\" data-itemmargin=\"4\" data-itemwidth=\"180\" data-touchscroll=\"no\" data-imagesize=\"auto\"><div class=\"fusion-carousel-positioner\"><ul class=\"fusion-carousel-holder\"><li class=\"fusion-carousel-item\"><div class=\"fusion-carousel-item-wrapper\"><div class=\"fusion-image-wrapper hover-type-none\"><a data-rel=\"iLightbox[image_carousel_1]\" data-title=\"50AE856D-EAE7-4C42-9DA8-C6D5E1FC0FF8\" aria-label=\"50AE856D-EAE7-4C42-9DA8-C6D5E1FC0FF8\" href=\"http:\/\/3.97.68.15\/wp-content\/uploads\/2022\/04\/50AE856D-EAE7-4C42-9DA8-C6D5E1FC0FF8.jpeg\" target=\"_self\"><img decoding=\"async\" width=\"1254\" height=\"835\" src=\"https:\/\/m.arcadianewfs.com\/wp-content\/uploads\/2022\/04\/50AE856D-EAE7-4C42-9DA8-C6D5E1FC0FF8.jpeg\" class=\"attachment-full size-full\" alt=\"\" srcset=\"https:\/\/m.arcadianewfs.com\/wp-content\/uploads\/2022\/04\/50AE856D-EAE7-4C42-9DA8-C6D5E1FC0FF8-200x133.jpeg 200w, https:\/\/m.arcadianewfs.com\/wp-content\/uploads\/2022\/04\/50AE856D-EAE7-4C42-9DA8-C6D5E1FC0FF8-400x266.jpeg 400w, https:\/\/m.arcadianewfs.com\/wp-content\/uploads\/2022\/04\/50AE856D-EAE7-4C42-9DA8-C6D5E1FC0FF8-600x400.jpeg 600w, https:\/\/m.arcadianewfs.com\/wp-content\/uploads\/2022\/04\/50AE856D-EAE7-4C42-9DA8-C6D5E1FC0FF8-800x533.jpeg 800w, https:\/\/m.arcadianewfs.com\/wp-content\/uploads\/2022\/04\/50AE856D-EAE7-4C42-9DA8-C6D5E1FC0FF8-1200x799.jpeg 1200w, https:\/\/m.arcadianewfs.com\/wp-content\/uploads\/2022\/04\/50AE856D-EAE7-4C42-9DA8-C6D5E1FC0FF8.jpeg 1254w\" sizes=\"(min-width: 2200px) 100vw, (min-width: 784px) 637px, (min-width: 712px) 784px, (min-width: 640px) 712px, \" \/><\/a><\/div><\/div><\/li><li class=\"fusion-carousel-item\"><div class=\"fusion-carousel-item-wrapper\"><div class=\"fusion-image-wrapper hover-type-none\"><a data-rel=\"iLightbox[image_carousel_1]\" data-title=\"47DBD6D7-DB98-4C91-BA55-98860BD34453\" aria-label=\"47DBD6D7-DB98-4C91-BA55-98860BD34453\" href=\"http:\/\/3.97.68.15\/wp-content\/uploads\/2022\/04\/47DBD6D7-DB98-4C91-BA55-98860BD34453.jpeg\" target=\"_self\"><img decoding=\"async\" width=\"1254\" height=\"835\" src=\"https:\/\/m.arcadianewfs.com\/wp-content\/uploads\/2022\/04\/47DBD6D7-DB98-4C91-BA55-98860BD34453.jpeg\" class=\"attachment-full size-full\" alt=\"\" srcset=\"https:\/\/m.arcadianewfs.com\/wp-content\/uploads\/2022\/04\/47DBD6D7-DB98-4C91-BA55-98860BD34453-200x133.jpeg 200w, https:\/\/m.arcadianewfs.com\/wp-content\/uploads\/2022\/04\/47DBD6D7-DB98-4C91-BA55-98860BD34453-400x266.jpeg 400w, https:\/\/m.arcadianewfs.com\/wp-content\/uploads\/2022\/04\/47DBD6D7-DB98-4C91-BA55-98860BD34453-600x400.jpeg 600w, https:\/\/m.arcadianewfs.com\/wp-content\/uploads\/2022\/04\/47DBD6D7-DB98-4C91-BA55-98860BD34453-800x533.jpeg 800w, https:\/\/m.arcadianewfs.com\/wp-content\/uploads\/2022\/04\/47DBD6D7-DB98-4C91-BA55-98860BD34453-1200x799.jpeg 1200w, https:\/\/m.arcadianewfs.com\/wp-content\/uploads\/2022\/04\/47DBD6D7-DB98-4C91-BA55-98860BD34453.jpeg 1254w\" sizes=\"(min-width: 2200px) 100vw, (min-width: 784px) 637px, (min-width: 712px) 784px, (min-width: 640px) 712px, \" \/><\/a><\/div><\/div><\/li><li class=\"fusion-carousel-item\"><div class=\"fusion-carousel-item-wrapper\"><div class=\"fusion-image-wrapper hover-type-none\"><a data-rel=\"iLightbox[image_carousel_1]\" data-title=\"05F891E3-33C0-4F5D-B01D-18DD8631BB61\" aria-label=\"05F891E3-33C0-4F5D-B01D-18DD8631BB61\" href=\"http:\/\/3.97.68.15\/wp-content\/uploads\/2022\/04\/05F891E3-33C0-4F5D-B01D-18DD8631BB61.jpeg\" target=\"_self\"><img decoding=\"async\" width=\"1254\" height=\"835\" src=\"https:\/\/m.arcadianewfs.com\/wp-content\/uploads\/2022\/04\/05F891E3-33C0-4F5D-B01D-18DD8631BB61.jpeg\" class=\"attachment-full size-full\" alt=\"\" srcset=\"https:\/\/m.arcadianewfs.com\/wp-content\/uploads\/2022\/04\/05F891E3-33C0-4F5D-B01D-18DD8631BB61-200x133.jpeg 200w, https:\/\/m.arcadianewfs.com\/wp-content\/uploads\/2022\/04\/05F891E3-33C0-4F5D-B01D-18DD8631BB61-400x266.jpeg 400w, https:\/\/m.arcadianewfs.com\/wp-content\/uploads\/2022\/04\/05F891E3-33C0-4F5D-B01D-18DD8631BB61-600x400.jpeg 600w, https:\/\/m.arcadianewfs.com\/wp-content\/uploads\/2022\/04\/05F891E3-33C0-4F5D-B01D-18DD8631BB61-800x533.jpeg 800w, https:\/\/m.arcadianewfs.com\/wp-content\/uploads\/2022\/04\/05F891E3-33C0-4F5D-B01D-18DD8631BB61-1200x799.jpeg 1200w, https:\/\/m.arcadianewfs.com\/wp-content\/uploads\/2022\/04\/05F891E3-33C0-4F5D-B01D-18DD8631BB61.jpeg 1254w\" sizes=\"(min-width: 2200px) 100vw, (min-width: 784px) 637px, (min-width: 712px) 784px, (min-width: 640px) 712px, \" \/><\/a><\/div><\/div><\/li><li class=\"fusion-carousel-item\"><div class=\"fusion-carousel-item-wrapper\"><div class=\"fusion-image-wrapper hover-type-none\"><a data-rel=\"iLightbox[image_carousel_1]\" data-title=\"4A666447-EB21-4F0E-8BAA-798882AD0BC5\" aria-label=\"4A666447-EB21-4F0E-8BAA-798882AD0BC5\" href=\"http:\/\/3.97.68.15\/wp-content\/uploads\/2022\/04\/4A666447-EB21-4F0E-8BAA-798882AD0BC5.jpeg\" target=\"_self\"><img decoding=\"async\" width=\"1254\" height=\"835\" src=\"https:\/\/m.arcadianewfs.com\/wp-content\/uploads\/2022\/04\/4A666447-EB21-4F0E-8BAA-798882AD0BC5.jpeg\" class=\"attachment-full size-full\" alt=\"\" srcset=\"https:\/\/m.arcadianewfs.com\/wp-content\/uploads\/2022\/04\/4A666447-EB21-4F0E-8BAA-798882AD0BC5-200x133.jpeg 200w, https:\/\/m.arcadianewfs.com\/wp-content\/uploads\/2022\/04\/4A666447-EB21-4F0E-8BAA-798882AD0BC5-400x266.jpeg 400w, https:\/\/m.arcadianewfs.com\/wp-content\/uploads\/2022\/04\/4A666447-EB21-4F0E-8BAA-798882AD0BC5-600x400.jpeg 600w, https:\/\/m.arcadianewfs.com\/wp-content\/uploads\/2022\/04\/4A666447-EB21-4F0E-8BAA-798882AD0BC5-800x533.jpeg 800w, https:\/\/m.arcadianewfs.com\/wp-content\/uploads\/2022\/04\/4A666447-EB21-4F0E-8BAA-798882AD0BC5-1200x799.jpeg 1200w, https:\/\/m.arcadianewfs.com\/wp-content\/uploads\/2022\/04\/4A666447-EB21-4F0E-8BAA-798882AD0BC5.jpeg 1254w\" sizes=\"(min-width: 2200px) 100vw, (min-width: 784px) 637px, (min-width: 712px) 784px, (min-width: 640px) 712px, \" \/><\/a><\/div><\/div><\/li><li class=\"fusion-carousel-item\"><div class=\"fusion-carousel-item-wrapper\"><div class=\"fusion-image-wrapper hover-type-none\"><a data-rel=\"iLightbox[image_carousel_1]\" data-title=\"705AE192-BF09-4BF8-B15B-7307DE59EC25\" aria-label=\"705AE192-BF09-4BF8-B15B-7307DE59EC25\" href=\"http:\/\/3.97.68.15\/wp-content\/uploads\/2022\/04\/705AE192-BF09-4BF8-B15B-7307DE59EC25.jpeg\" target=\"_self\"><img decoding=\"async\" width=\"1254\" height=\"835\" src=\"https:\/\/m.arcadianewfs.com\/wp-content\/uploads\/2022\/04\/705AE192-BF09-4BF8-B15B-7307DE59EC25.jpeg\" class=\"attachment-full size-full\" alt=\"\" srcset=\"https:\/\/m.arcadianewfs.com\/wp-content\/uploads\/2022\/04\/705AE192-BF09-4BF8-B15B-7307DE59EC25-200x133.jpeg 200w, https:\/\/m.arcadianewfs.com\/wp-content\/uploads\/2022\/04\/705AE192-BF09-4BF8-B15B-7307DE59EC25-400x266.jpeg 400w, https:\/\/m.arcadianewfs.com\/wp-content\/uploads\/2022\/04\/705AE192-BF09-4BF8-B15B-7307DE59EC25-600x400.jpeg 600w, https:\/\/m.arcadianewfs.com\/wp-content\/uploads\/2022\/04\/705AE192-BF09-4BF8-B15B-7307DE59EC25-800x533.jpeg 800w, https:\/\/m.arcadianewfs.com\/wp-content\/uploads\/2022\/04\/705AE192-BF09-4BF8-B15B-7307DE59EC25-1200x799.jpeg 1200w, https:\/\/m.arcadianewfs.com\/wp-content\/uploads\/2022\/04\/705AE192-BF09-4BF8-B15B-7307DE59EC25.jpeg 1254w\" sizes=\"(min-width: 2200px) 100vw, (min-width: 784px) 637px, (min-width: 712px) 784px, (min-width: 640px) 712px, \" \/><\/a><\/div><\/div><\/li><li class=\"fusion-carousel-item\"><div class=\"fusion-carousel-item-wrapper\"><div class=\"fusion-image-wrapper hover-type-none\"><a data-rel=\"iLightbox[image_carousel_1]\" data-title=\"50019FEC-6759-4D5B-B695-306DFE281F75\" aria-label=\"50019FEC-6759-4D5B-B695-306DFE281F75\" href=\"http:\/\/3.97.68.15\/wp-content\/uploads\/2022\/04\/50019FEC-6759-4D5B-B695-306DFE281F75.jpeg\" target=\"_self\"><img decoding=\"async\" width=\"1254\" height=\"835\" src=\"https:\/\/m.arcadianewfs.com\/wp-content\/uploads\/2022\/04\/50019FEC-6759-4D5B-B695-306DFE281F75.jpeg\" class=\"attachment-full size-full\" alt=\"\" srcset=\"https:\/\/m.arcadianewfs.com\/wp-content\/uploads\/2022\/04\/50019FEC-6759-4D5B-B695-306DFE281F75-200x133.jpeg 200w, https:\/\/m.arcadianewfs.com\/wp-content\/uploads\/2022\/04\/50019FEC-6759-4D5B-B695-306DFE281F75-400x266.jpeg 400w, https:\/\/m.arcadianewfs.com\/wp-content\/uploads\/2022\/04\/50019FEC-6759-4D5B-B695-306DFE281F75-600x400.jpeg 600w, https:\/\/m.arcadianewfs.com\/wp-content\/uploads\/2022\/04\/50019FEC-6759-4D5B-B695-306DFE281F75-800x533.jpeg 800w, https:\/\/m.arcadianewfs.com\/wp-content\/uploads\/2022\/04\/50019FEC-6759-4D5B-B695-306DFE281F75-1200x799.jpeg 1200w, https:\/\/m.arcadianewfs.com\/wp-content\/uploads\/2022\/04\/50019FEC-6759-4D5B-B695-306DFE281F75.jpeg 1254w\" sizes=\"(min-width: 2200px) 100vw, (min-width: 784px) 637px, (min-width: 712px) 784px, (min-width: 640px) 712px, \" \/><\/a><\/div><\/div><\/li><li class=\"fusion-carousel-item\"><div class=\"fusion-carousel-item-wrapper\"><div class=\"fusion-image-wrapper hover-type-none\"><a data-rel=\"iLightbox[image_carousel_1]\" data-title=\"9F2B6602-E586-4C32-AC5C-A98878D02256\" aria-label=\"9F2B6602-E586-4C32-AC5C-A98878D02256\" href=\"http:\/\/3.97.68.15\/wp-content\/uploads\/2022\/04\/9F2B6602-E586-4C32-AC5C-A98878D02256.jpeg\" target=\"_self\"><img decoding=\"async\" width=\"1254\" height=\"835\" src=\"https:\/\/m.arcadianewfs.com\/wp-content\/uploads\/2022\/04\/9F2B6602-E586-4C32-AC5C-A98878D02256.jpeg\" class=\"attachment-full size-full\" alt=\"\" srcset=\"https:\/\/m.arcadianewfs.com\/wp-content\/uploads\/2022\/04\/9F2B6602-E586-4C32-AC5C-A98878D02256-200x133.jpeg 200w, https:\/\/m.arcadianewfs.com\/wp-content\/uploads\/2022\/04\/9F2B6602-E586-4C32-AC5C-A98878D02256-400x266.jpeg 400w, https:\/\/m.arcadianewfs.com\/wp-content\/uploads\/2022\/04\/9F2B6602-E586-4C32-AC5C-A98878D02256-600x400.jpeg 600w, https:\/\/m.arcadianewfs.com\/wp-content\/uploads\/2022\/04\/9F2B6602-E586-4C32-AC5C-A98878D02256-800x533.jpeg 800w, https:\/\/m.arcadianewfs.com\/wp-content\/uploads\/2022\/04\/9F2B6602-E586-4C32-AC5C-A98878D02256-1200x799.jpeg 1200w, https:\/\/m.arcadianewfs.com\/wp-content\/uploads\/2022\/04\/9F2B6602-E586-4C32-AC5C-A98878D02256.jpeg 1254w\" sizes=\"(min-width: 2200px) 100vw, (min-width: 784px) 637px, (min-width: 712px) 784px, (min-width: 640px) 712px, \" \/><\/a><\/div><\/div><\/li><li class=\"fusion-carousel-item\"><div class=\"fusion-carousel-item-wrapper\"><div class=\"fusion-image-wrapper hover-type-none\"><a data-rel=\"iLightbox[image_carousel_1]\" data-title=\"652CC39F-78EC-4AFD-8C00-A05F6C0F26B3\" aria-label=\"652CC39F-78EC-4AFD-8C00-A05F6C0F26B3\" href=\"http:\/\/3.97.68.15\/wp-content\/uploads\/2022\/04\/652CC39F-78EC-4AFD-8C00-A05F6C0F26B3.jpeg\" target=\"_self\"><img decoding=\"async\" width=\"1254\" height=\"835\" src=\"https:\/\/m.arcadianewfs.com\/wp-content\/uploads\/2022\/04\/652CC39F-78EC-4AFD-8C00-A05F6C0F26B3.jpeg\" class=\"attachment-full size-full\" alt=\"\" srcset=\"https:\/\/m.arcadianewfs.com\/wp-content\/uploads\/2022\/04\/652CC39F-78EC-4AFD-8C00-A05F6C0F26B3-200x133.jpeg 200w, https:\/\/m.arcadianewfs.com\/wp-content\/uploads\/2022\/04\/652CC39F-78EC-4AFD-8C00-A05F6C0F26B3-400x266.jpeg 400w, https:\/\/m.arcadianewfs.com\/wp-content\/uploads\/2022\/04\/652CC39F-78EC-4AFD-8C00-A05F6C0F26B3-600x400.jpeg 600w, https:\/\/m.arcadianewfs.com\/wp-content\/uploads\/2022\/04\/652CC39F-78EC-4AFD-8C00-A05F6C0F26B3-800x533.jpeg 800w, https:\/\/m.arcadianewfs.com\/wp-content\/uploads\/2022\/04\/652CC39F-78EC-4AFD-8C00-A05F6C0F26B3-1200x799.jpeg 1200w, https:\/\/m.arcadianewfs.com\/wp-content\/uploads\/2022\/04\/652CC39F-78EC-4AFD-8C00-A05F6C0F26B3.jpeg 1254w\" sizes=\"(min-width: 2200px) 100vw, (min-width: 784px) 637px, (min-width: 712px) 784px, (min-width: 640px) 712px, \" \/><\/a><\/div><\/div><\/li><li class=\"fusion-carousel-item\"><div class=\"fusion-carousel-item-wrapper\"><div class=\"fusion-image-wrapper hover-type-none\"><a data-rel=\"iLightbox[image_carousel_1]\" data-title=\"68D03F81-7CAA-44D9-96AD-BA97FAA22BE7\" aria-label=\"68D03F81-7CAA-44D9-96AD-BA97FAA22BE7\" href=\"http:\/\/3.97.68.15\/wp-content\/uploads\/2022\/04\/68D03F81-7CAA-44D9-96AD-BA97FAA22BE7.jpeg\" target=\"_self\"><img decoding=\"async\" width=\"1254\" height=\"835\" src=\"https:\/\/m.arcadianewfs.com\/wp-content\/uploads\/2022\/04\/68D03F81-7CAA-44D9-96AD-BA97FAA22BE7.jpeg\" class=\"attachment-full size-full\" alt=\"\" srcset=\"https:\/\/m.arcadianewfs.com\/wp-content\/uploads\/2022\/04\/68D03F81-7CAA-44D9-96AD-BA97FAA22BE7-200x133.jpeg 200w, https:\/\/m.arcadianewfs.com\/wp-content\/uploads\/2022\/04\/68D03F81-7CAA-44D9-96AD-BA97FAA22BE7-400x266.jpeg 400w, https:\/\/m.arcadianewfs.com\/wp-content\/uploads\/2022\/04\/68D03F81-7CAA-44D9-96AD-BA97FAA22BE7-600x400.jpeg 600w, https:\/\/m.arcadianewfs.com\/wp-content\/uploads\/2022\/04\/68D03F81-7CAA-44D9-96AD-BA97FAA22BE7-800x533.jpeg 800w, https:\/\/m.arcadianewfs.com\/wp-content\/uploads\/2022\/04\/68D03F81-7CAA-44D9-96AD-BA97FAA22BE7-1200x799.jpeg 1200w, https:\/\/m.arcadianewfs.com\/wp-content\/uploads\/2022\/04\/68D03F81-7CAA-44D9-96AD-BA97FAA22BE7.jpeg 1254w\" sizes=\"(min-width: 2200px) 100vw, (min-width: 784px) 637px, (min-width: 712px) 784px, (min-width: 640px) 712px, \" \/><\/a><\/div><\/div><\/li><\/ul><div class=\"fusion-carousel-nav\"><span class=\"fusion-nav-prev\"><\/span><span class=\"fusion-nav-next\"><\/span><\/div><\/div><\/div><\/div><\/div><span class=\"fusion-column-inner-bg hover-type-zoomin\"><span class=\"fusion-column-anchor\"><span class=\"fusion-column-inner-bg-image\" style=\"background-position:left top;background-repeat:no-repeat;-webkit-background-size:cover;-moz-background-size:cover;-o-background-size:cover;background-size:cover;\"><\/span><\/span><\/span><style type=\"text\/css\">.fusion-body .fusion-builder-column-3{width:100% !important;margin-top : -40px;margin-bottom : 20px;}.fusion-builder-column-3 > .fusion-column-wrapper {padding-top : 0px !important;padding-right : 0px !important;margin-right : 1.92%;padding-bottom : 0px !important;padding-left : 0px !important;margin-left : 1.92%;}.fusion-flex-container .fusion-row .fusion-builder-column-3 > .fusion-column-inner-bg { margin-right:1.92%;margin-left:1.92%; }@media only screen and (max-width:1024px) {.fusion-body .fusion-builder-column-3{width:100% !important;order : 0;}.fusion-builder-column-3 > .fusion-column-wrapper {margin-right : 1.92%;margin-left : 1.92%;}.fusion-flex-container .fusion-row .fusion-builder-column-3 > .fusion-column-inner-bg { margin-right:1.92%;margin-left:1.92%; }}@media only screen and (max-width:640px) {.fusion-body .fusion-builder-column-3{width:100% !important;order : 0;}.fusion-builder-column-3 > .fusion-column-wrapper {margin-right : 1.92%;margin-left : 1.92%;}.fusion-flex-container .fusion-row .fusion-builder-column-3 > .fusion-column-inner-bg { margin-right:1.92%;margin-left:1.92%; }}<\/style><\/div><\/div><style type=\"text\/css\">.fusion-body .fusion-flex-container.fusion-builder-row-1{ padding-top : 0px;margin-top : 0px;padding-right : 30px;padding-bottom : 0px;margin-bottom : 0px;padding-left : 30px;}<\/style><\/div><div class=\"fusion-fullwidth fullwidth-box fusion-builder-row-2 fusion-flex-container nonhundred-percent-fullwidth non-hundred-percent-height-scrolling\" style=\"background-color: rgba(255,255,255,0);background-position: center center;background-repeat: no-repeat;border-width: 0px 0px 0px 0px;border-color:#e2e2e2;border-style:solid;\" ><div class=\"fusion-builder-row fusion-row fusion-flex-align-items-flex-start\" style=\"max-width:104%;margin-left: calc(-4% \/ 2 );margin-right: calc(-4% \/ 2 );\"><\/div><style type=\"text\/css\">.fusion-body .fusion-flex-container.fusion-builder-row-2{ padding-top : 0px;margin-top : -20px;padding-right : 30px;padding-bottom : 0px;margin-bottom : 0px;padding-left : 30px;}<\/style><\/div><div class=\"fusion-fullwidth fullwidth-box fusion-builder-row-3 fusion-flex-container nonhundred-percent-fullwidth non-hundred-percent-height-scrolling\" style=\"background-color: rgba(255,255,255,0);background-position: center center;background-repeat: no-repeat;border-width: 0px 0px 0px 0px;border-color:#e2e2e2;border-style:solid;\" ><div class=\"fusion-builder-row fusion-row fusion-flex-align-items-flex-start\" style=\"max-width:104%;margin-left: calc(-4% \/ 2 );margin-right: calc(-4% \/ 2 );\"><div class=\"fusion-layout-column fusion_builder_column fusion-builder-column-4 fusion_builder_column_1_1 1_1 fusion-flex-column\"><div class=\"fusion-column-wrapper fusion-flex-justify-content-flex-start fusion-content-layout-column\" style=\"background-position:left top;background-repeat:no-repeat;-webkit-background-size:cover;-moz-background-size:cover;-o-background-size:cover;background-size:cover;padding: 0px 0px 0px 0px;\"><div class=\"fusion-text fusion-text-2\"><h3>NOTRE POLITIQUE<\/h3>\n<p>Chez Arcadia, nos chiots sont \u00e9lev\u00e9s d\u00e8s la naissance pour devenir des petits explorateurs ; ils aiment les d\u00e9fis et sont pr\u00eat \u00e0 affronter toutes sortes d'aventures. Pour \u00e9lever des chiots \u00e9quilibr\u00e9s et en sant\u00e9, nous ne l\u00e9sinons sur aucun effort. En contre-partie, vous devez \u00eatre pr\u00eat \u00e0 continuer \u00e0 leur fournir la stimulation qu'ils ont re\u00e7us d\u00e8s leur plus jeune \u00e2ge.<\/p>\n<p class=\"translation-block\">Il est scientifiquement prouv\u00e9 que les animaux \u00e9lev\u00e9s dans un environnement enrichi en stimulation ont des cerveaux plus d\u00e9velopp\u00e9s, sont plus faciles \u00e0 \u00e9duquer et sont plus stable \u00e9motionellement. Nous investissons beaucoup de temps en eux pour qu'il puissent profiter de cet \"effet enrichissant\", en les encadrant dans un programme de d\u00e9veloppement (Puppy Culture) avec lequel ils recoivent une dose appropri\u00e9e de stimulation, d'entrainement et de socialisation.<\/p>\n<p>Nos chiots arrivent donc dans leur nouveaux foyers avec un entra\u00eenement de base, un immense d\u00e9sir d'apprendre et la compr\u00e9hension que la relation entre l'humain et le chien est bas\u00e9e sur la r\u00e9ciprocit\u00e9. Vivre avec des compagnons intelligents, capable d'auto-apprentissage et pr\u00eat \u00e0 travailler avec vous est la plus belle chose au monde!<\/p>\n<p>Tous nos Terre-Neuves poss\u00e8dent des bons temp\u00e9raments, une bonne conformation et une excellente sant\u00e9. Nos reprocteurs sont certifi\u00e9s \u00e0 l'OFA pour les hanches, les coudes, les genoux, le coeur (par un cardiologue), les yeux, la tyro\u00efde et la cystinurie. Reproduire des chiens est un engagement a vie.<\/p>\n<p>Chaque chiot est vendu avec une clause de non\u2013reproduction au prix de 3500$ + taxes. Ils sont enregistr\u00e9s, vaccin\u00e9s, vermifug\u00e9s et portent une micro-puce en plus d'avoir une garantie. Le terre-neuve \u00e9tant une race pr\u00e9dispos\u00e9e aux probl\u00e8mes de coeurs, chaque chiot est auscult\u00e9 par un v\u00e9t\u00e9rinaire cardiologue avant son d\u00e9part vers leur nouvelle famille. Un esprit sain dans un corps sain !<\/p>\n<hr>\n<p class=\"translation-block\">Avant de nous contacter, s'il vous pla\u00eet, remplissez notre questionnaire afin que nous puissions en apprendre plus sur vous et savoir si un Terre-Neuve est bien le chien qu'il vous faut !<\/p>\n<\/div><\/div><style type=\"text\/css\">.fusion-body .fusion-builder-column-4{width:100% !important;margin-top : 0px;margin-bottom : 20px;}.fusion-builder-column-4 > .fusion-column-wrapper {padding-top : 0px !important;padding-right : 0px !important;margin-right : 1.92%;padding-bottom : 0px !important;padding-left : 0px !important;margin-left : 1.92%;}@media only screen and (max-width:1024px) {.fusion-body .fusion-builder-column-4{width:100% !important;order : 0;}.fusion-builder-column-4 > .fusion-column-wrapper {margin-right : 1.92%;margin-left : 1.92%;}}@media only screen and (max-width:640px) {.fusion-body .fusion-builder-column-4{width:100% !important;order : 0;}.fusion-builder-column-4 > .fusion-column-wrapper {margin-right : 1.92%;margin-left : 1.92%;}}<\/style><\/div><\/div><style type=\"text\/css\">.fusion-body .fusion-flex-container.fusion-builder-row-3{ padding-top : 0px;margin-top : 0px;padding-right : 30px;padding-bottom : 0px;margin-bottom : 0px;padding-left : 30px;}<\/style><\/div><\/p>","protected":false},"excerpt":{"rendered":"","protected":false},"author":2,"featured_media":0,"parent":0,"menu_order":0,"comment_status":"closed","ping_status":"closed","template":"","meta":{"_monsterinsights_skip_tracking":false,"_monsterinsights_sitenote_active":false,"_monsterinsights_sitenote_note":"","_monsterinsights_sitenote_category":0,"ngg_post_thumbnail":0,"footnotes":""},"class_list":["post-1655","page","type-page","status-publish","hentry"],"_links":{"self":[{"href":"https:\/\/m.arcadianewfs.com\/fr\/wp-json\/wp\/v2\/pages\/1655","targetHints":{"allow":["GET"]}}],"collection":[{"href":"https:\/\/m.arcadianewfs.com\/fr\/wp-json\/wp\/v2\/pages"}],"about":[{"href":"https:\/\/m.arcadianewfs.com\/fr\/wp-json\/wp\/v2\/types\/page"}],"author":[{"embeddable":true,"href":"https:\/\/m.arcadianewfs.com\/fr\/wp-json\/wp\/v2\/users\/2"}],"replies":[{"embeddable":true,"href":"https:\/\/m.arcadianewfs.com\/fr\/wp-json\/wp\/v2\/comments?post=1655"}],"version-history":[{"count":21,"href":"https:\/\/m.arcadianewfs.com\/fr\/wp-json\/wp\/v2\/pages\/1655\/revisions"}],"predecessor-version":[{"id":1686,"href":"https:\/\/m.arcadianewfs.com\/fr\/wp-json\/wp\/v2\/pages\/1655\/revisions\/1686"}],"wp:attachment":[{"href":"https:\/\/m.arcadianewfs.com\/fr\/wp-json\/wp\/v2\/media?parent=1655"}],"curies":[{"name":"wp","href":"https:\/\/api.w.org\/{rel}","templated":true}]}}